{"id":566,"date":"2023-11-06T12:32:09","date_gmt":"2023-11-06T12:32:09","guid":{"rendered":"https:\/\/majorresidence.hu\/?page_id=566"},"modified":"2023-11-07T11:18:38","modified_gmt":"2023-11-07T11:18:38","slug":"impresszum","status":"publish","type":"page","link":"https:\/\/majorresidence.hu\/en\/impresszum\/","title":{"rendered":"Imprint"},"content":{"rendered":"<div data-elementor-type=\"wp-page\" data-elementor-id=\"566\" class=\"elementor elementor-566\" data-elementor-settings=\"{&quot;ha_cmc_init_switcher&quot;:&quot;no&quot;}\" data-elementor-post-type=\"page\">\n\t\t\t\t\t\t<section class=\"elementor-section elementor-top-section elementor-element elementor-element-758e1d4e elementor-section-boxed elementor-section-height-default elementor-section-height-default\" data-id=\"758e1d4e\" data-element_type=\"section\" data-e-type=\"section\" data-settings=\"{&quot;_ha_eqh_enable&quot;:false}\">\n\t\t\t\t\t\t<div class=\"elementor-container elementor-column-gap-default\">\n\t\t\t\t\t<div class=\"elementor-column elementor-col-100 elementor-top-column elementor-element elementor-element-3e6b9262\" data-id=\"3e6b9262\" data-element_type=\"column\" data-e-type=\"column\">\n\t\t\t<div class=\"elementor-widget-wrap elementor-element-populated\">\n\t\t\t\t\t\t<div class=\"elementor-element elementor-element-6faf74b1 elementor-widget elementor-widget-heading\" data-id=\"6faf74b1\" data-element_type=\"widget\" data-e-type=\"widget\" data-widget_type=\"heading.default\">\n\t\t\t\t<div class=\"elementor-widget-container\">\n\t\t\t\t\t<h2 class=\"elementor-heading-title elementor-size-default\">Imprint<\/h2>\t\t\t\t<\/div>\n\t\t\t\t<\/div>\n\t\t\t\t\t<\/div>\n\t\t<\/div>\n\t\t\t\t\t<\/div>\n\t\t<\/section>\n\t\t\t\t<section class=\"elementor-section elementor-top-section elementor-element elementor-element-15d20425 elementor-section-boxed elementor-section-height-default elementor-section-height-default\" data-id=\"15d20425\" data-element_type=\"section\" data-e-type=\"section\" data-settings=\"{&quot;background_background&quot;:&quot;classic&quot;,&quot;_ha_eqh_enable&quot;:false}\">\n\t\t\t\t\t\t<div class=\"elementor-container elementor-column-gap-wider\">\n\t\t\t\t\t<div class=\"elementor-column elementor-col-100 elementor-top-column elementor-element elementor-element-1eef1a31\" data-id=\"1eef1a31\" data-element_type=\"column\" data-e-type=\"column\">\n\t\t\t<div class=\"elementor-widget-wrap elementor-element-populated\">\n\t\t\t\t\t\t<div class=\"elementor-element elementor-element-47be78de elementor-widget elementor-widget-text-editor\" data-id=\"47be78de\" data-element_type=\"widget\" data-e-type=\"widget\" data-widget_type=\"text-editor.default\">\n\t\t\t\t<div class=\"elementor-widget-container\">\n\t\t\t\t\t\t\t\t\t<p class=\"p1\"><span class=\"s1\"><strong>Name of accommodation:<\/strong> Major Residence<\/span><\/p><p class=\"p1\"><strong>Address:<\/strong> 8237 Tihany, Major utca 51.<\/p><p class=\"p1\"><span class=\"s1\"><strong>Registration number:<\/strong> <span class=\"m_932983303849139874gmail-s1\">MA23067350<\/span><\/span><\/p><p class=\"p1\"><span class=\"s1\"><strong>Operator:<\/strong> <span class=\"m_932983303849139874gmail-s1\">SUR\u00c1NYI GYULA KUND<\/span><\/span><\/p><p class=\"p1\"><span class=\"s1\"><strong>Tax number:<\/strong> 55885096-1-39<\/span><\/p><p align=\"center\"><strong>Bank:<\/strong>\u00a010402166-<wbr \/>72565151-48531043<\/p><p align=\"center\"><strong>IBAN:<\/strong>\u00a0HU02\u00a010402166-72565151-48531043<\/p><p class=\"p1\">The website made by\u00a0<a href=\"https:\/\/heimconsulting.hu\/\">HeimConsulting<\/a>\u00a0with love.<\/p>\t\t\t\t\t\t\t\t<\/div>\n\t\t\t\t<\/div>\n\t\t\t\t<section class=\"elementor-section elementor-inner-section elementor-element elementor-element-7449d62c elementor-section-boxed elementor-section-height-default elementor-section-height-default\" data-id=\"7449d62c\" data-element_type=\"section\" data-e-type=\"section\" data-settings=\"{&quot;_ha_eqh_enable&quot;:false}\">\n\t\t\t\t\t\t<div class=\"elementor-container elementor-column-gap-default\">\n\t\t\t\t\t<div class=\"elementor-column elementor-col-100 elementor-inner-column elementor-element elementor-element-2afec60b\" data-id=\"2afec60b\" data-element_type=\"column\" data-e-type=\"column\">\n\t\t\t<div class=\"elementor-widget-wrap elementor-element-populated\">\n\t\t\t\t\t\t<div class=\"elementor-element elementor-element-6ded5548 elementor-align-right elementor-widget__width-auto elementor-widget elementor-widget-button\" data-id=\"6ded5548\" data-element_type=\"widget\" data-e-type=\"widget\" data-widget_type=\"button.default\">\n\t\t\t\t<div class=\"elementor-widget-container\">\n\t\t\t\t\t\t\t\t\t<div class=\"elementor-button-wrapper\">\n\t\t\t\t\t<a class=\"elementor-button elementor-button-link elementor-size-md\" href=\"https:\/\/majorresidence.hu\/en\/\">\n\t\t\t\t\t\t<span class=\"elementor-button-content-wrapper\">\n\t\t\t\t\t\t\t\t\t<span class=\"elementor-button-text\">Back to the home page<\/span>\n\t\t\t\t\t<\/span>\n\t\t\t\t\t<\/a>\n\t\t\t\t<\/div>\n\t\t\t\t\t\t\t\t<\/div>\n\t\t\t\t<\/div>\n\t\t\t\t\t<\/div>\n\t\t<\/div>\n\t\t\t\t\t<\/div>\n\t\t<\/section>\n\t\t\t\t\t<\/div>\n\t\t<\/div>\n\t\t\t\t\t<\/div>\n\t\t<\/section>\n\t\t\t\t<\/div>","protected":false},"excerpt":{"rendered":"<p>Impresszum Sz\u00e1ll\u00e1shely megnevez\u00e9se: Major Residence C\u00edm: 8237 Tihany, Major utca 51. NTAK Sz\u00e1ll\u00e1s regisztr\u00e1ci\u00f3s sz\u00e1m: MA23067350 \u00dczemeltet\u0151: SUR\u00c1NYI GYULA KUND Ad\u00f3sz\u00e1m: 55885096-1-39 Banksz\u00e1mlasz\u00e1m:\u00a010402166-72565151-48531043 IBAN:\u00a0HU02\u00a010402166-72565151-48531043 A weboldalt a\u00a0HeimConsulting\u00a0k\u00e9sz\u00edtette. Vissza a f\u0151oldalra<\/p>","protected":false},"author":1,"featured_media":0,"parent":0,"menu_order":0,"comment_status":"closed","ping_status":"closed","template":"","meta":{"footnotes":""},"class_list":["post-566","page","type-page","status-publish","hentry"],"yoast_head":"<!-- This site is optimized with the Yoast SEO Premium plugin v27.1 (Yoast SEO v27.1.1) - https:\/\/yoast.com\/product\/yoast-seo-premium-wordpress\/ -->\n<title>Major Residence \u2013 Feln\u0151ttbar\u00e1t pr\u00e9mium lakoszt\u00e1lyok Tihanyban<\/title>\n<meta name=\"description\" content=\"Feln\u0151ttbar\u00e1t pr\u00e9mium lakoszt\u00e1lyok Tihany csendes r\u00e9sz\u00e9n. Nyugalom, panor\u00e1ma \u00e9s ig\u00e9nyes k\u00f6rnyezet kiz\u00e1r\u00f3lag feln\u0151tt vend\u00e9geknek.\" \/>\n<meta name=\"robots\" content=\"index, follow, max-snippet:-1, max-image-preview:large, max-video-preview:-1\" \/>\n<link rel=\"canonical\" href=\"https:\/\/majorresidence.hu\/en\/impresszum\/\" \/>\n<meta property=\"og:locale\" content=\"en_GB\" \/>\n<meta property=\"og:type\" content=\"article\" \/>\n<meta property=\"og:title\" content=\"Major Residence \u2013 Feln\u0151ttbar\u00e1t pr\u00e9mium lakoszt\u00e1lyok Tihanyban\" \/>\n<meta property=\"og:description\" content=\"Feln\u0151ttbar\u00e1t pr\u00e9mium lakoszt\u00e1lyok Tihany csendes r\u00e9sz\u00e9n. Nyugalom, panor\u00e1ma \u00e9s ig\u00e9nyes k\u00f6rnyezet kiz\u00e1r\u00f3lag feln\u0151tt vend\u00e9geknek.\" \/>\n<meta property=\"og:url\" content=\"https:\/\/majorresidence.hu\/en\/impresszum\/\" \/>\n<meta property=\"og:site_name\" content=\"Major Residence Tihany\" \/>\n<meta property=\"article:publisher\" content=\"https:\/\/www.facebook.com\/majorresidencetihany\" \/>\n<meta property=\"article:modified_time\" content=\"2023-11-07T11:18:38+00:00\" \/>\n<meta property=\"og:image\" content=\"https:\/\/majorresidence.hu\/wp-content\/uploads\/2023\/11\/unnamed-scaled.jpg\" \/>\n\t<meta property=\"og:image:width\" content=\"2560\" \/>\n\t<meta property=\"og:image:height\" content=\"1707\" \/>\n\t<meta property=\"og:image:type\" content=\"image\/jpeg\" \/>\n<meta name=\"twitter:card\" content=\"summary_large_image\" \/>\n<script type=\"application\/ld+json\" class=\"yoast-schema-graph\">{\"@context\":\"https:\/\/schema.org\",\"@graph\":[{\"@type\":\"WebPage\",\"@id\":\"https:\/\/majorresidence.hu\/impresszum\/\",\"url\":\"https:\/\/majorresidence.hu\/impresszum\/\",\"name\":\"Major Residence \u2013 Feln\u0151ttbar\u00e1t pr\u00e9mium lakoszt\u00e1lyok Tihanyban\",\"isPartOf\":{\"@id\":\"https:\/\/majorresidence.hu\/en\/#website\"},\"datePublished\":\"2023-11-06T12:32:09+00:00\",\"dateModified\":\"2023-11-07T11:18:38+00:00\",\"description\":\"Feln\u0151ttbar\u00e1t pr\u00e9mium lakoszt\u00e1lyok Tihany csendes r\u00e9sz\u00e9n. Nyugalom, panor\u00e1ma \u00e9s ig\u00e9nyes k\u00f6rnyezet kiz\u00e1r\u00f3lag feln\u0151tt vend\u00e9geknek.\",\"breadcrumb\":{\"@id\":\"https:\/\/majorresidence.hu\/impresszum\/#breadcrumb\"},\"inLanguage\":\"en-GB\",\"potentialAction\":[{\"@type\":\"ReadAction\",\"target\":[\"https:\/\/majorresidence.hu\/impresszum\/\"]}]},{\"@type\":\"BreadcrumbList\",\"@id\":\"https:\/\/majorresidence.hu\/impresszum\/#breadcrumb\",\"itemListElement\":[{\"@type\":\"ListItem\",\"position\":1,\"name\":\"Home\",\"item\":\"https:\/\/majorresidence.hu\/\"},{\"@type\":\"ListItem\",\"position\":2,\"name\":\"Impresszum\"}]},{\"@type\":\"WebSite\",\"@id\":\"https:\/\/majorresidence.hu\/en\/#website\",\"url\":\"https:\/\/majorresidence.hu\/en\/\",\"name\":\"Major Residence Tihany\",\"description\":\"Exkluz\u00edv lakoszt\u00e1lyok\",\"publisher\":{\"@id\":\"https:\/\/majorresidence.hu\/en\/#organization\"},\"potentialAction\":[{\"@type\":\"SearchAction\",\"target\":{\"@type\":\"EntryPoint\",\"urlTemplate\":\"https:\/\/majorresidence.hu\/en\/?s={search_term_string}\"},\"query-input\":{\"@type\":\"PropertyValueSpecification\",\"valueRequired\":true,\"valueName\":\"search_term_string\"}}],\"inLanguage\":\"en-GB\"},{\"@type\":\"Organization\",\"@id\":\"https:\/\/majorresidence.hu\/en\/#organization\",\"name\":\"Major Residence Tihany\",\"url\":\"https:\/\/majorresidence.hu\/en\/\",\"logo\":{\"@type\":\"ImageObject\",\"inLanguage\":\"en-GB\",\"@id\":\"https:\/\/majorresidence.hu\/en\/#\/schema\/logo\/image\/\",\"url\":\"https:\/\/majorresidence.hu\/wp-content\/uploads\/2021\/11\/MR_LOGO-scaled.jpg\",\"contentUrl\":\"https:\/\/majorresidence.hu\/wp-content\/uploads\/2021\/11\/MR_LOGO-scaled.jpg\",\"width\":2560,\"height\":1536,\"caption\":\"Major Residence Tihany\"},\"image\":{\"@id\":\"https:\/\/majorresidence.hu\/en\/#\/schema\/logo\/image\/\"},\"sameAs\":[\"https:\/\/www.facebook.com\/majorresidencetihany\"]}]}<\/script>\n<!-- \/ Yoast SEO Premium plugin. -->","yoast_head_json":{"title":"Major Residence \u2013 Adults-Only Premium Suites in Tihany","description":"Adults-only premium suites in a peaceful part of Tihany. Tranquil atmosphere, panoramic views and refined design for adult guests only.","robots":{"index":"index","follow":"follow","max-snippet":"max-snippet:-1","max-image-preview":"max-image-preview:large","max-video-preview":"max-video-preview:-1"},"canonical":"https:\/\/majorresidence.hu\/en\/impresszum\/","og_locale":"en_GB","og_type":"article","og_title":"Major Residence \u2013 Feln\u0151ttbar\u00e1t pr\u00e9mium lakoszt\u00e1lyok Tihanyban","og_description":"Feln\u0151ttbar\u00e1t pr\u00e9mium lakoszt\u00e1lyok Tihany csendes r\u00e9sz\u00e9n. Nyugalom, panor\u00e1ma \u00e9s ig\u00e9nyes k\u00f6rnyezet kiz\u00e1r\u00f3lag feln\u0151tt vend\u00e9geknek.","og_url":"https:\/\/majorresidence.hu\/en\/impresszum\/","og_site_name":"Major Residence Tihany","article_publisher":"https:\/\/www.facebook.com\/majorresidencetihany","article_modified_time":"2023-11-07T11:18:38+00:00","og_image":[{"width":2560,"height":1707,"url":"https:\/\/majorresidence.hu\/wp-content\/uploads\/2023\/11\/unnamed-scaled.jpg","type":"image\/jpeg"}],"twitter_card":"summary_large_image","schema":{"@context":"https:\/\/schema.org","@graph":[{"@type":"WebPage","@id":"https:\/\/majorresidence.hu\/impresszum\/","url":"https:\/\/majorresidence.hu\/impresszum\/","name":"Major Residence \u2013 Adults-Only Premium Suites in Tihany","isPartOf":{"@id":"https:\/\/majorresidence.hu\/en\/#website"},"datePublished":"2023-11-06T12:32:09+00:00","dateModified":"2023-11-07T11:18:38+00:00","description":"Adults-only premium suites in a peaceful part of Tihany. Tranquil atmosphere, panoramic views and refined design for adult guests only.","breadcrumb":{"@id":"https:\/\/majorresidence.hu\/impresszum\/#breadcrumb"},"inLanguage":"en-GB","potentialAction":[{"@type":"ReadAction","target":["https:\/\/majorresidence.hu\/impresszum\/"]}]},{"@type":"BreadcrumbList","@id":"https:\/\/majorresidence.hu\/impresszum\/#breadcrumb","itemListElement":[{"@type":"ListItem","position":1,"name":"Home","item":"https:\/\/majorresidence.hu\/"},{"@type":"ListItem","position":2,"name":"Impresszum"}]},{"@type":"WebSite","@id":"https:\/\/majorresidence.hu\/en\/#website","url":"https:\/\/majorresidence.hu\/en\/","name":"Major Residence \u2013 Adults-Only Premium Suites in Tihany","description":"Exkluz\u00edv lakoszt\u00e1lyok","publisher":{"@id":"https:\/\/majorresidence.hu\/en\/#organization"},"potentialAction":[{"@type":"SearchAction","target":{"@type":"EntryPoint","urlTemplate":"https:\/\/majorresidence.hu\/en\/?s={search_term_string}"},"query-input":{"@type":"PropertyValueSpecification","valueRequired":true,"valueName":"search_term_string"}}],"inLanguage":"en-GB"},{"@type":"Organization","@id":"https:\/\/majorresidence.hu\/en\/#organization","name":"Major Residence \u2013 Adults-Only Premium Suites in Tihany","url":"https:\/\/majorresidence.hu\/en\/","logo":{"@type":"ImageObject","inLanguage":"en-GB","@id":"https:\/\/majorresidence.hu\/en\/#\/schema\/logo\/image\/","url":"https:\/\/majorresidence.hu\/wp-content\/uploads\/2021\/11\/MR_LOGO-scaled.jpg","contentUrl":"https:\/\/majorresidence.hu\/wp-content\/uploads\/2021\/11\/MR_LOGO-scaled.jpg","width":2560,"height":1536,"caption":"Major Residence Tihany"},"image":{"@id":"https:\/\/majorresidence.hu\/en\/#\/schema\/logo\/image\/"},"sameAs":["https:\/\/www.facebook.com\/majorresidencetihany"]}]}},"_links":{"self":[{"href":"https:\/\/majorresidence.hu\/en\/wp-json\/wp\/v2\/pages\/566","targetHints":{"allow":["GET"]}}],"collection":[{"href":"https:\/\/majorresidence.hu\/en\/wp-json\/wp\/v2\/pages"}],"about":[{"href":"https:\/\/majorresidence.hu\/en\/wp-json\/wp\/v2\/types\/page"}],"author":[{"embeddable":true,"href":"https:\/\/majorresidence.hu\/en\/wp-json\/wp\/v2\/users\/1"}],"replies":[{"embeddable":true,"href":"https:\/\/majorresidence.hu\/en\/wp-json\/wp\/v2\/comments?post=566"}],"version-history":[{"count":0,"href":"https:\/\/majorresidence.hu\/en\/wp-json\/wp\/v2\/pages\/566\/revisions"}],"wp:attachment":[{"href":"https:\/\/majorresidence.hu\/en\/wp-json\/wp\/v2\/media?parent=566"}],"curies":[{"name":"wp","href":"https:\/\/api.w.org\/{rel}","templated":true}]}}