{"id":586,"date":"2023-11-06T12:37:23","date_gmt":"2023-11-06T12:37:23","guid":{"rendered":"https:\/\/majorresidence.hu\/?page_id=586"},"modified":"2024-04-05T08:27:33","modified_gmt":"2024-04-05T08:27:33","slug":"foglalas-lemondas","status":"publish","type":"page","link":"https:\/\/majorresidence.hu\/en\/foglalas-lemondas\/","title":{"rendered":"Booking&amp;cancellation"},"content":{"rendered":"<div data-elementor-type=\"wp-page\" data-elementor-id=\"586\" class=\"elementor elementor-586\" data-elementor-settings=\"{&quot;ha_cmc_init_switcher&quot;:&quot;no&quot;}\" data-elementor-post-type=\"page\">\n\t\t\t\t\t\t<section class=\"elementor-section elementor-top-section elementor-element elementor-element-1f363413 elementor-section-height-min-height elementor-section-boxed elementor-section-height-default elementor-section-items-middle\" data-id=\"1f363413\" data-element_type=\"section\" data-e-type=\"section\" data-settings=\"{&quot;_ha_eqh_enable&quot;:false}\">\n\t\t\t\t\t\t<div class=\"elementor-container elementor-column-gap-default\">\n\t\t\t\t\t<div class=\"elementor-column elementor-col-100 elementor-top-column elementor-element elementor-element-6fda08f4\" data-id=\"6fda08f4\" data-element_type=\"column\" data-e-type=\"column\">\n\t\t\t<div class=\"elementor-widget-wrap elementor-element-populated\">\n\t\t\t\t\t\t<div class=\"elementor-element elementor-element-1eedde4b elementor-widget elementor-widget-image\" data-id=\"1eedde4b\" data-element_type=\"widget\" data-e-type=\"widget\" data-widget_type=\"image.default\">\n\t\t\t\t<div class=\"elementor-widget-container\">\n\t\t\t\t\t\t\t\t\t\t\t\t\t\t\t\t<a href=\"https:\/\/majorresidence.hu\/en\/\">\n\t\t\t\t\t\t\t<img fetchpriority=\"high\" decoding=\"async\" width=\"300\" height=\"180\" src=\"https:\/\/majorresidence.hu\/wp-content\/uploads\/2021\/11\/MR_LOGO_transparent-300x180.png\" class=\"attachment-medium size-medium wp-image-108\" alt=\"\" srcset=\"https:\/\/majorresidence.hu\/wp-content\/uploads\/2021\/11\/MR_LOGO_transparent-300x180.png 300w, https:\/\/majorresidence.hu\/wp-content\/uploads\/2021\/11\/MR_LOGO_transparent-1024x614.png 1024w, https:\/\/majorresidence.hu\/wp-content\/uploads\/2021\/11\/MR_LOGO_transparent-768x461.png 768w, https:\/\/majorresidence.hu\/wp-content\/uploads\/2021\/11\/MR_LOGO_transparent-1536x922.png 1536w, https:\/\/majorresidence.hu\/wp-content\/uploads\/2021\/11\/MR_LOGO_transparent-2048x1229.png 2048w\" sizes=\"(max-width: 300px) 100vw, 300px\" \/>\t\t\t\t\t\t\t\t<\/a>\n\t\t\t\t\t\t\t\t\t\t\t\t\t\t\t<\/div>\n\t\t\t\t<\/div>\n\t\t\t\t\t<\/div>\n\t\t<\/div>\n\t\t\t\t\t<\/div>\n\t\t<\/section>\n\t\t\t\t<section class=\"elementor-section elementor-top-section elementor-element elementor-element-758e1d4e elementor-section-boxed elementor-section-height-default elementor-section-height-default\" data-id=\"758e1d4e\" data-element_type=\"section\" data-e-type=\"section\" data-settings=\"{&quot;_ha_eqh_enable&quot;:false}\">\n\t\t\t\t\t\t<div class=\"elementor-container elementor-column-gap-default\">\n\t\t\t\t\t<div class=\"elementor-column elementor-col-100 elementor-top-column elementor-element elementor-element-3e6b9262\" data-id=\"3e6b9262\" data-element_type=\"column\" data-e-type=\"column\">\n\t\t\t<div class=\"elementor-widget-wrap elementor-element-populated\">\n\t\t\t\t\t\t<div class=\"elementor-element elementor-element-6faf74b1 elementor-widget elementor-widget-heading\" data-id=\"6faf74b1\" data-element_type=\"widget\" data-e-type=\"widget\" data-widget_type=\"heading.default\">\n\t\t\t\t<div class=\"elementor-widget-container\">\n\t\t\t\t\t<h2 class=\"elementor-heading-title elementor-size-default\">Foglal\u00e1si &amp; lemond\u00e1si felt\u00e9telek<\/h2>\t\t\t\t<\/div>\n\t\t\t\t<\/div>\n\t\t\t\t\t<\/div>\n\t\t<\/div>\n\t\t\t\t\t<\/div>\n\t\t<\/section>\n\t\t\t\t<section class=\"elementor-section elementor-top-section elementor-element elementor-element-15d20425 elementor-section-boxed elementor-section-height-default elementor-section-height-default\" data-id=\"15d20425\" data-element_type=\"section\" data-e-type=\"section\" data-settings=\"{&quot;background_background&quot;:&quot;classic&quot;,&quot;_ha_eqh_enable&quot;:false}\">\n\t\t\t\t\t\t<div class=\"elementor-container elementor-column-gap-wider\">\n\t\t\t\t\t<div class=\"elementor-column elementor-col-100 elementor-top-column elementor-element elementor-element-1eef1a31\" data-id=\"1eef1a31\" data-element_type=\"column\" data-e-type=\"column\">\n\t\t\t<div class=\"elementor-widget-wrap elementor-element-populated\">\n\t\t\t\t\t\t<div class=\"elementor-element elementor-element-47be78de elementor-widget elementor-widget-text-editor\" data-id=\"47be78de\" data-element_type=\"widget\" data-e-type=\"widget\" data-widget_type=\"text-editor.default\">\n\t\t\t\t<div class=\"elementor-widget-container\">\n\t\t\t\t\t\t\t\t\t<p>Lakoszt\u00e1lyaink el\u0151-\u00e9s ut\u00f3szezonban minimum 2, f\u0151szezonban minimum 5 \u00e9jszak\u00e1ra foglalhat\u00f3ak \u00e9s maximum 4 f\u0151 befogad\u00e1s\u00e1ra alkalmasak.<\/p><p><strong>Payment conditions:<\/strong><\/p><p>A foglal\u00e1s v\u00e9gleges\u00edt\u00e9s\u00e9nek felt\u00e9tele az el\u0151leg befizet\u00e9se. A foglal\u00e1s v\u00e9gleges\u00edt\u00e9s\u00e9nek felt\u00e9tele a teljes \u00f6sszeg befizet\u00e9se, a befizet\u00e9sre 72 \u00f3ra \u00e1ll rendelkez\u00e9sre. A sz\u00e1ll\u00e1sd\u00edjat az al\u00e1bbi m\u00f3don lehet kiegyenl\u00edteni:<br \/>- bank transfer or payment to a bank account<\/p><p><strong>EXTRA FEE in case of cancellation<\/strong><\/p><p><strong>In pre- and post-season<\/strong> \u2013 (01.03 \u2013 05.31 and 09.30. \u2013 12.19.)<\/p><p>Conditions:<\/p><p>50% : from the day of booking to the 4th day before arrival<br \/>100%: within 4 days of arrival from the day of the booking<\/p><p><strong>In high season<\/strong> (06.01 \u2013 09.30 and special periods)<\/p><p>Conditions:<\/p><p>50% : from the day of booking to the 30th day before arrival<br \/>100%: within 30 days of arrival from the day of the booking<br \/>It is possible to change the date without extra charge to 30 days before arrival.<\/p><p>Az \u00e1r tartalmazza alakoszt\u00e1ly \u00e9s a hozz\u00e1 tartoz\u00f3 terasz kiz\u00e1r\u00f3lagos , illetve a finn \u00e9s az infra szauna 17-21 \u00f3rai id\u0151intervallumban val\u00f3 haszn\u00e1lat\u00e1t.<\/p><p>Check in: <strong>3 - 8 pm<\/strong> on the day of arrival, <strong>10 \u00f3r\u00e1ig<\/strong> Check out: 10.00 am on the day of departure.<\/p><p>Any individual needs should be reported by e-mail or by phone for us!<\/p><p>We can offer personalized gift coupon, please contact us!<\/p><p>Mi is szeretj\u00fck a h\u00e1zi kedvenceket, de a Major Residence lakoszt\u00e1lyai <strong>are not<\/strong> suitable for them!<\/p><p><strong>Special periods 2024:<\/strong><br \/>January 1-3<br \/>March 15-18<br \/>March 28 - April 2<br \/>May 17-21<br \/>November 1 - 4<br \/>December 19-31<\/p>\t\t\t\t\t\t\t\t<\/div>\n\t\t\t\t<\/div>\n\t\t\t\t<section class=\"elementor-section elementor-inner-section elementor-element elementor-element-7449d62c elementor-section-boxed elementor-section-height-default elementor-section-height-default\" data-id=\"7449d62c\" data-element_type=\"section\" data-e-type=\"section\" data-settings=\"{&quot;_ha_eqh_enable&quot;:false}\">\n\t\t\t\t\t\t<div class=\"elementor-container elementor-column-gap-default\">\n\t\t\t\t\t<div class=\"elementor-column elementor-col-100 elementor-inner-column elementor-element elementor-element-2afec60b\" data-id=\"2afec60b\" data-element_type=\"column\" data-e-type=\"column\">\n\t\t\t<div class=\"elementor-widget-wrap elementor-element-populated\">\n\t\t\t\t\t\t<div class=\"elementor-element elementor-element-6ded5548 elementor-align-right elementor-widget__width-auto elementor-widget elementor-widget-button\" data-id=\"6ded5548\" data-element_type=\"widget\" data-e-type=\"widget\" data-widget_type=\"button.default\">\n\t\t\t\t<div class=\"elementor-widget-container\">\n\t\t\t\t\t\t\t\t\t<div class=\"elementor-button-wrapper\">\n\t\t\t\t\t<a class=\"elementor-button elementor-button-link elementor-size-md\" href=\"https:\/\/majorresidence.hu\/en\/\">\n\t\t\t\t\t\t<span class=\"elementor-button-content-wrapper\">\n\t\t\t\t\t\t\t\t\t<span class=\"elementor-button-text\">Back to the home page<\/span>\n\t\t\t\t\t<\/span>\n\t\t\t\t\t<\/a>\n\t\t\t\t<\/div>\n\t\t\t\t\t\t\t\t<\/div>\n\t\t\t\t<\/div>\n\t\t\t\t\t<\/div>\n\t\t<\/div>\n\t\t\t\t\t<\/div>\n\t\t<\/section>\n\t\t\t\t\t<\/div>\n\t\t<\/div>\n\t\t\t\t\t<\/div>\n\t\t<\/section>\n\t\t\t\t<\/div>","protected":false},"excerpt":{"rendered":"<p>Foglal\u00e1si &#038; lemond\u00e1si felt\u00e9telek Lakoszt\u00e1lyaink el\u0151-\u00e9s ut\u00f3szezonban minimum 2, f\u0151szezonban minimum 5 \u00e9jszak\u00e1ra foglalhat\u00f3ak \u00e9s maximum 4 f\u0151 befogad\u00e1s\u00e1ra alkalmasak. EL\u0150REFIZET\u00c9S felt\u00e9telei: A foglal\u00e1s v\u00e9gleges\u00edt\u00e9s\u00e9nek felt\u00e9tele az el\u0151leg befizet\u00e9se. A foglal\u00e1s v\u00e9gleges\u00edt\u00e9s\u00e9nek felt\u00e9tele a teljes \u00f6sszeg befizet\u00e9se, a befizet\u00e9sre 72 \u00f3ra \u00e1ll rendelkez\u00e9sre. A sz\u00e1ll\u00e1sd\u00edjat az al\u00e1bbi m\u00f3don lehet kiegyenl\u00edteni:\u2013 utal\u00e1s, banksz\u00e1ml\u00e1ra befizet\u00e9s K\u00d6TB\u00c9R lemond\u00e1s [&hellip;]<\/p>\n","protected":false},"author":1,"featured_media":0,"parent":0,"menu_order":0,"comment_status":"closed","ping_status":"closed","template":"","meta":{"footnotes":""},"class_list":["post-586","page","type-page","status-publish","hentry"],"yoast_head":"<!-- This site is optimized with the Yoast SEO Premium plugin v27.1 (Yoast SEO v27.1.1) - https:\/\/yoast.com\/product\/yoast-seo-premium-wordpress\/ -->\n<title>Major Residence \u2013 Feln\u0151ttbar\u00e1t pr\u00e9mium lakoszt\u00e1lyok Tihanyban<\/title>\n<meta name=\"description\" content=\"Feln\u0151ttbar\u00e1t pr\u00e9mium lakoszt\u00e1lyok Tihany csendes r\u00e9sz\u00e9n. Nyugalom, panor\u00e1ma \u00e9s ig\u00e9nyes k\u00f6rnyezet kiz\u00e1r\u00f3lag feln\u0151tt vend\u00e9geknek.\" \/>\n<meta name=\"robots\" content=\"index, follow, max-snippet:-1, max-image-preview:large, max-video-preview:-1\" \/>\n<link rel=\"canonical\" href=\"https:\/\/majorresidence.hu\/en\/foglalas-lemondas\/\" \/>\n<meta property=\"og:locale\" content=\"en_GB\" \/>\n<meta property=\"og:type\" content=\"article\" \/>\n<meta property=\"og:title\" content=\"Major Residence \u2013 Feln\u0151ttbar\u00e1t pr\u00e9mium lakoszt\u00e1lyok Tihanyban\" \/>\n<meta property=\"og:description\" content=\"Feln\u0151ttbar\u00e1t pr\u00e9mium lakoszt\u00e1lyok Tihany csendes r\u00e9sz\u00e9n. Nyugalom, panor\u00e1ma \u00e9s ig\u00e9nyes k\u00f6rnyezet kiz\u00e1r\u00f3lag feln\u0151tt vend\u00e9geknek.\" \/>\n<meta property=\"og:url\" content=\"https:\/\/majorresidence.hu\/en\/foglalas-lemondas\/\" \/>\n<meta property=\"og:site_name\" content=\"Major Residence Tihany\" \/>\n<meta property=\"article:publisher\" content=\"https:\/\/www.facebook.com\/majorresidencetihany\" \/>\n<meta property=\"article:modified_time\" content=\"2024-04-05T08:27:33+00:00\" \/>\n<meta property=\"og:image\" content=\"https:\/\/majorresidence.hu\/wp-content\/uploads\/2021\/11\/MR_LOGO_transparent-300x180.png\" \/>\n<meta name=\"twitter:card\" content=\"summary_large_image\" \/>\n<meta name=\"twitter:label1\" content=\"Estimated reading time\" \/>\n\t<meta name=\"twitter:data1\" content=\"2 minutes\" \/>\n<script type=\"application\/ld+json\" class=\"yoast-schema-graph\">{\"@context\":\"https:\/\/schema.org\",\"@graph\":[{\"@type\":\"WebPage\",\"@id\":\"https:\/\/majorresidence.hu\/foglalas-lemondas\/\",\"url\":\"https:\/\/majorresidence.hu\/foglalas-lemondas\/\",\"name\":\"Major Residence \u2013 Feln\u0151ttbar\u00e1t pr\u00e9mium lakoszt\u00e1lyok Tihanyban\",\"isPartOf\":{\"@id\":\"https:\/\/majorresidence.hu\/en\/#website\"},\"primaryImageOfPage\":{\"@id\":\"https:\/\/majorresidence.hu\/foglalas-lemondas\/#primaryimage\"},\"image\":{\"@id\":\"https:\/\/majorresidence.hu\/foglalas-lemondas\/#primaryimage\"},\"thumbnailUrl\":\"https:\/\/majorresidence.hu\/wp-content\/uploads\/2021\/11\/MR_LOGO_transparent-300x180.png\",\"datePublished\":\"2023-11-06T12:37:23+00:00\",\"dateModified\":\"2024-04-05T08:27:33+00:00\",\"description\":\"Feln\u0151ttbar\u00e1t pr\u00e9mium lakoszt\u00e1lyok Tihany csendes r\u00e9sz\u00e9n. Nyugalom, panor\u00e1ma \u00e9s ig\u00e9nyes k\u00f6rnyezet kiz\u00e1r\u00f3lag feln\u0151tt vend\u00e9geknek.\",\"breadcrumb\":{\"@id\":\"https:\/\/majorresidence.hu\/foglalas-lemondas\/#breadcrumb\"},\"inLanguage\":\"en-GB\",\"potentialAction\":[{\"@type\":\"ReadAction\",\"target\":[\"https:\/\/majorresidence.hu\/foglalas-lemondas\/\"]}]},{\"@type\":\"ImageObject\",\"inLanguage\":\"en-GB\",\"@id\":\"https:\/\/majorresidence.hu\/foglalas-lemondas\/#primaryimage\",\"url\":\"https:\/\/majorresidence.hu\/wp-content\/uploads\/2021\/11\/MR_LOGO_transparent-300x180.png\",\"contentUrl\":\"https:\/\/majorresidence.hu\/wp-content\/uploads\/2021\/11\/MR_LOGO_transparent-300x180.png\"},{\"@type\":\"BreadcrumbList\",\"@id\":\"https:\/\/majorresidence.hu\/foglalas-lemondas\/#breadcrumb\",\"itemListElement\":[{\"@type\":\"ListItem\",\"position\":1,\"name\":\"Home\",\"item\":\"https:\/\/majorresidence.hu\/\"},{\"@type\":\"ListItem\",\"position\":2,\"name\":\"Foglal\u00e1s &#038; lemond\u00e1s\"}]},{\"@type\":\"WebSite\",\"@id\":\"https:\/\/majorresidence.hu\/en\/#website\",\"url\":\"https:\/\/majorresidence.hu\/en\/\",\"name\":\"Major Residence Tihany\",\"description\":\"Exkluz\u00edv lakoszt\u00e1lyok\",\"publisher\":{\"@id\":\"https:\/\/majorresidence.hu\/en\/#organization\"},\"potentialAction\":[{\"@type\":\"SearchAction\",\"target\":{\"@type\":\"EntryPoint\",\"urlTemplate\":\"https:\/\/majorresidence.hu\/en\/?s={search_term_string}\"},\"query-input\":{\"@type\":\"PropertyValueSpecification\",\"valueRequired\":true,\"valueName\":\"search_term_string\"}}],\"inLanguage\":\"en-GB\"},{\"@type\":\"Organization\",\"@id\":\"https:\/\/majorresidence.hu\/en\/#organization\",\"name\":\"Major Residence Tihany\",\"url\":\"https:\/\/majorresidence.hu\/en\/\",\"logo\":{\"@type\":\"ImageObject\",\"inLanguage\":\"en-GB\",\"@id\":\"https:\/\/majorresidence.hu\/en\/#\/schema\/logo\/image\/\",\"url\":\"https:\/\/majorresidence.hu\/wp-content\/uploads\/2021\/11\/MR_LOGO-scaled.jpg\",\"contentUrl\":\"https:\/\/majorresidence.hu\/wp-content\/uploads\/2021\/11\/MR_LOGO-scaled.jpg\",\"width\":2560,\"height\":1536,\"caption\":\"Major Residence Tihany\"},\"image\":{\"@id\":\"https:\/\/majorresidence.hu\/en\/#\/schema\/logo\/image\/\"},\"sameAs\":[\"https:\/\/www.facebook.com\/majorresidencetihany\"]}]}<\/script>\n<!-- \/ Yoast SEO Premium plugin. -->","yoast_head_json":{"title":"Major Residence \u2013 Adults-Only Premium Suites in Tihany","description":"Adults-only premium suites in a peaceful part of Tihany. Tranquil atmosphere, panoramic views and refined design for adult guests only.","robots":{"index":"index","follow":"follow","max-snippet":"max-snippet:-1","max-image-preview":"max-image-preview:large","max-video-preview":"max-video-preview:-1"},"canonical":"https:\/\/majorresidence.hu\/en\/foglalas-lemondas\/","og_locale":"en_GB","og_type":"article","og_title":"Major Residence \u2013 Feln\u0151ttbar\u00e1t pr\u00e9mium lakoszt\u00e1lyok Tihanyban","og_description":"Feln\u0151ttbar\u00e1t pr\u00e9mium lakoszt\u00e1lyok Tihany csendes r\u00e9sz\u00e9n. Nyugalom, panor\u00e1ma \u00e9s ig\u00e9nyes k\u00f6rnyezet kiz\u00e1r\u00f3lag feln\u0151tt vend\u00e9geknek.","og_url":"https:\/\/majorresidence.hu\/en\/foglalas-lemondas\/","og_site_name":"Major Residence Tihany","article_publisher":"https:\/\/www.facebook.com\/majorresidencetihany","article_modified_time":"2024-04-05T08:27:33+00:00","og_image":[{"url":"https:\/\/majorresidence.hu\/wp-content\/uploads\/2021\/11\/MR_LOGO_transparent-300x180.png","type":"","width":"","height":""}],"twitter_card":"summary_large_image","twitter_misc":{"Estimated reading time":"2 minutes"},"schema":{"@context":"https:\/\/schema.org","@graph":[{"@type":"WebPage","@id":"https:\/\/majorresidence.hu\/foglalas-lemondas\/","url":"https:\/\/majorresidence.hu\/foglalas-lemondas\/","name":"Major Residence \u2013 Adults-Only Premium Suites in Tihany","isPartOf":{"@id":"https:\/\/majorresidence.hu\/en\/#website"},"primaryImageOfPage":{"@id":"https:\/\/majorresidence.hu\/foglalas-lemondas\/#primaryimage"},"image":{"@id":"https:\/\/majorresidence.hu\/foglalas-lemondas\/#primaryimage"},"thumbnailUrl":"https:\/\/majorresidence.hu\/wp-content\/uploads\/2021\/11\/MR_LOGO_transparent-300x180.png","datePublished":"2023-11-06T12:37:23+00:00","dateModified":"2024-04-05T08:27:33+00:00","description":"Adults-only premium suites in a peaceful part of Tihany. Tranquil atmosphere, panoramic views and refined design for adult guests only.","breadcrumb":{"@id":"https:\/\/majorresidence.hu\/foglalas-lemondas\/#breadcrumb"},"inLanguage":"en-GB","potentialAction":[{"@type":"ReadAction","target":["https:\/\/majorresidence.hu\/foglalas-lemondas\/"]}]},{"@type":"ImageObject","inLanguage":"en-GB","@id":"https:\/\/majorresidence.hu\/foglalas-lemondas\/#primaryimage","url":"https:\/\/majorresidence.hu\/wp-content\/uploads\/2021\/11\/MR_LOGO_transparent-300x180.png","contentUrl":"https:\/\/majorresidence.hu\/wp-content\/uploads\/2021\/11\/MR_LOGO_transparent-300x180.png"},{"@type":"BreadcrumbList","@id":"https:\/\/majorresidence.hu\/foglalas-lemondas\/#breadcrumb","itemListElement":[{"@type":"ListItem","position":1,"name":"Home","item":"https:\/\/majorresidence.hu\/"},{"@type":"ListItem","position":2,"name":"Foglal\u00e1s &#038; lemond\u00e1s"}]},{"@type":"WebSite","@id":"https:\/\/majorresidence.hu\/en\/#website","url":"https:\/\/majorresidence.hu\/en\/","name":"Major Residence \u2013 Adults-Only Premium Suites in Tihany","description":"Exkluz\u00edv lakoszt\u00e1lyok","publisher":{"@id":"https:\/\/majorresidence.hu\/en\/#organization"},"potentialAction":[{"@type":"SearchAction","target":{"@type":"EntryPoint","urlTemplate":"https:\/\/majorresidence.hu\/en\/?s={search_term_string}"},"query-input":{"@type":"PropertyValueSpecification","valueRequired":true,"valueName":"search_term_string"}}],"inLanguage":"en-GB"},{"@type":"Organization","@id":"https:\/\/majorresidence.hu\/en\/#organization","name":"Major Residence \u2013 Adults-Only Premium Suites in Tihany","url":"https:\/\/majorresidence.hu\/en\/","logo":{"@type":"ImageObject","inLanguage":"en-GB","@id":"https:\/\/majorresidence.hu\/en\/#\/schema\/logo\/image\/","url":"https:\/\/majorresidence.hu\/wp-content\/uploads\/2021\/11\/MR_LOGO-scaled.jpg","contentUrl":"https:\/\/majorresidence.hu\/wp-content\/uploads\/2021\/11\/MR_LOGO-scaled.jpg","width":2560,"height":1536,"caption":"Major Residence Tihany"},"image":{"@id":"https:\/\/majorresidence.hu\/en\/#\/schema\/logo\/image\/"},"sameAs":["https:\/\/www.facebook.com\/majorresidencetihany"]}]}},"_links":{"self":[{"href":"https:\/\/majorresidence.hu\/en\/wp-json\/wp\/v2\/pages\/586","targetHints":{"allow":["GET"]}}],"collection":[{"href":"https:\/\/majorresidence.hu\/en\/wp-json\/wp\/v2\/pages"}],"about":[{"href":"https:\/\/majorresidence.hu\/en\/wp-json\/wp\/v2\/types\/page"}],"author":[{"embeddable":true,"href":"https:\/\/majorresidence.hu\/en\/wp-json\/wp\/v2\/users\/1"}],"replies":[{"embeddable":true,"href":"https:\/\/majorresidence.hu\/en\/wp-json\/wp\/v2\/comments?post=586"}],"version-history":[{"count":0,"href":"https:\/\/majorresidence.hu\/en\/wp-json\/wp\/v2\/pages\/586\/revisions"}],"wp:attachment":[{"href":"https:\/\/majorresidence.hu\/en\/wp-json\/wp\/v2\/media?parent=586"}],"curies":[{"name":"wp","href":"https:\/\/api.w.org\/{rel}","templated":true}]}}